{"id":77,"date":"2015-04-28T09:28:10","date_gmt":"2015-04-28T07:28:10","guid":{"rendered":"http:\/\/www.hsfk.nu\/?page_id=77"},"modified":"2015-06-02T20:36:17","modified_gmt":"2015-06-02T18:36:17","slug":"om-klubben","status":"publish","type":"page","link":"https:\/\/www.hsfk.nu\/?page_id=77","title":{"rendered":"Klubbinformation"},"content":{"rendered":"<p>Hallsbergs Sportfiskeklubb \u00e4r en ideell f\u00f6rening som fr\u00e4mjar sportfisket och arbetar aktivt med fiskev\u00e5rd. Klubben startades 1957. Klubbstugan \u00e4r bel\u00e4gen vid Tisarstrand vid sj\u00f6n Tisaren strax utanf\u00f6r Hallsberg.\u00a0\u00a0H\u00e4r kan man \u00e4ven hyra roddb\u00e5tar f\u00f6r utflykter och fiske p\u00e5 sj\u00f6n Tisaren.<\/p>\n<p>I m\u00e5n av tillg\u00e5ng s\u00e5 hyr vi \u00e4ven ut bryggplatser. J<span class=\"text_exposed_show\">ust nu finns ett f\u00e5tal lediga.<\/span><\/p>\n<p>Klubbens vision \u00e4r ett bra framtida fiske f\u00f6r kommande generationer med giftfri, frisk fisk i Tisaren.<\/p>\n<p>Om du vill bli medlem skickar du ett meddelande <a href=\"http:\/\/www.hsfk.nu\/?page_id=31\">h\u00e4r<\/a> och anger namn, adress och telefonnummer s\u00e5 kontaktar vi dig.<\/p>\n<p>&nbsp;<\/p>\n","protected":false},"excerpt":{"rendered":"<p>Hallsbergs Sportfiskeklubb \u00e4r en ideell f\u00f6rening som fr\u00e4mjar sportfisket och arbetar aktivt med fiskev\u00e5rd. Klubben startades 1957. Klubbstugan \u00e4r bel\u00e4gen vid Tisarstrand vid sj\u00f6n Tisaren strax utanf\u00f6r Hallsberg.\u00a0\u00a0H\u00e4r kan man \u00e4ven hyra roddb\u00e5tar f\u00f6r utflykter och fiske p\u00e5 sj\u00f6n Tisaren. &hellip; <a href=\"https:\/\/www.hsfk.nu\/?page_id=77\">Forts\u00e4tt l\u00e4sa <span class=\"meta-nav\">&rarr;<\/span><\/a><\/p>\n","protected":false},"author":2,"featured_media":0,"parent":0,"menu_order":0,"comment_status":"closed","ping_status":"open","template":"","meta":{"ngg_post_thumbnail":0,"footnotes":""},"class_list":["post-77","page","type-page","status-publish","hentry"],"_links":{"self":[{"href":"https:\/\/www.hsfk.nu\/index.php?rest_route=\/wp\/v2\/pages\/77","targetHints":{"allow":["GET"]}}],"collection":[{"href":"https:\/\/www.hsfk.nu\/index.php?rest_route=\/wp\/v2\/pages"}],"about":[{"href":"https:\/\/www.hsfk.nu\/index.php?rest_route=\/wp\/v2\/types\/page"}],"author":[{"embeddable":true,"href":"https:\/\/www.hsfk.nu\/index.php?rest_route=\/wp\/v2\/users\/2"}],"replies":[{"embeddable":true,"href":"https:\/\/www.hsfk.nu\/index.php?rest_route=%2Fwp%2Fv2%2Fcomments&post=77"}],"version-history":[{"count":4,"href":"https:\/\/www.hsfk.nu\/index.php?rest_route=\/wp\/v2\/pages\/77\/revisions"}],"predecessor-version":[{"id":550,"href":"https:\/\/www.hsfk.nu\/index.php?rest_route=\/wp\/v2\/pages\/77\/revisions\/550"}],"wp:attachment":[{"href":"https:\/\/www.hsfk.nu\/index.php?rest_route=%2Fwp%2Fv2%2Fmedia&parent=77"}],"curies":[{"name":"wp","href":"https:\/\/api.w.org\/{rel}","templated":true}]}}