{"id":41,"date":"2015-04-24T10:54:17","date_gmt":"2015-04-24T08:54:17","guid":{"rendered":"http:\/\/www.hsfk.nu\/?page_id=41"},"modified":"2026-04-20T11:58:30","modified_gmt":"2026-04-20T09:58:30","slug":"arsavgift-2015","status":"publish","type":"page","link":"https:\/\/www.hsfk.nu\/?page_id=41","title":{"rendered":"\u00c5rsavgift 2026"},"content":{"rendered":"<p>Senior 150:-<\/p>\n<p>Familj 200:-<\/p>\n<p>Junior (under 17 \u00e5r) 100:-<\/p>\n<p>Ungdomar under 15 \u00e5r fiskar fritt utan fiskekort. \u00d6vriga regler g\u00e4ller \u00e4ven f\u00f6r ungdomar. Se <a href=\"http:\/\/www.hsfk.nu\/?page_id=331\">fiskeregler.<\/a><\/p>\n<p>F\u00f6r dig som har b\u00e5tplats hos klubben g\u00e4ller s\u00e4rskilda regler.<br \/>\n<a href=\"http:\/\/www.hsfk.nu\/?page_id=38\">Se mera information om b\u00e5tplatser h\u00e4r.<\/a><\/p>\n","protected":false},"excerpt":{"rendered":"<p>Senior 150:- Familj 200:- Junior (under 17 \u00e5r) 100:- Ungdomar under 15 \u00e5r fiskar fritt utan fiskekort. \u00d6vriga regler g\u00e4ller \u00e4ven f\u00f6r ungdomar. Se fiskeregler. F\u00f6r dig som har b\u00e5tplats hos klubben g\u00e4ller s\u00e4rskilda regler. Se mera information om b\u00e5tplatser &hellip; <a href=\"https:\/\/www.hsfk.nu\/?page_id=41\">Forts\u00e4tt l\u00e4sa <span class=\"meta-nav\">&rarr;<\/span><\/a><\/p>\n","protected":false},"author":2,"featured_media":0,"parent":0,"menu_order":0,"comment_status":"closed","ping_status":"open","template":"","meta":{"ngg_post_thumbnail":0,"footnotes":""},"class_list":["post-41","page","type-page","status-publish","hentry"],"_links":{"self":[{"href":"https:\/\/www.hsfk.nu\/index.php?rest_route=\/wp\/v2\/pages\/41","targetHints":{"allow":["GET"]}}],"collection":[{"href":"https:\/\/www.hsfk.nu\/index.php?rest_route=\/wp\/v2\/pages"}],"about":[{"href":"https:\/\/www.hsfk.nu\/index.php?rest_route=\/wp\/v2\/types\/page"}],"author":[{"embeddable":true,"href":"https:\/\/www.hsfk.nu\/index.php?rest_route=\/wp\/v2\/users\/2"}],"replies":[{"embeddable":true,"href":"https:\/\/www.hsfk.nu\/index.php?rest_route=%2Fwp%2Fv2%2Fcomments&post=41"}],"version-history":[{"count":23,"href":"https:\/\/www.hsfk.nu\/index.php?rest_route=\/wp\/v2\/pages\/41\/revisions"}],"predecessor-version":[{"id":2451,"href":"https:\/\/www.hsfk.nu\/index.php?rest_route=\/wp\/v2\/pages\/41\/revisions\/2451"}],"wp:attachment":[{"href":"https:\/\/www.hsfk.nu\/index.php?rest_route=%2Fwp%2Fv2%2Fmedia&parent=41"}],"curies":[{"name":"wp","href":"https:\/\/api.w.org\/{rel}","templated":true}]}}