{"id":779,"date":"2016-04-20T18:56:56","date_gmt":"2016-04-20T16:56:56","guid":{"rendered":"http:\/\/www.hsfk.nu\/?page_id=779"},"modified":"2023-03-07T16:40:49","modified_gmt":"2023-03-07T15:40:49","slug":"hsfk-stadgar","status":"publish","type":"page","link":"http:\/\/www.hsfk.nu\/?page_id=779","title":{"rendered":"HSFK Stadgar"},"content":{"rendered":"<p>H\u00e4r kan du ladda ner klubbens stadgar som PDF-fil.<\/p>\n<p>Klicka p\u00e5 l\u00e4nken &#8221;HSFK Stadgar&#8221;<\/p>\n<p>N\u00e4r dokumentet har \u00f6ppnats kan du spara det p\u00e5 din dator genom att h\u00f6gerklicka i dokumentet och v\u00e4lja alternativet &#8221;Spara som&#8230;&#8221;<\/p>\n<p>V\u00e4lj en plats p\u00e5 din dator d\u00e4r du vill spara dokumentet t.ex &#8221;Skrivbordet&#8221;<\/p>\n<p><a href=\"http:\/\/www.hsfk.nu\/wp-content\/uploads\/2023\/03\/HSFK-Stadgar4.pdf\">HSFK Stadgar4<\/a><\/p>\n","protected":false},"excerpt":{"rendered":"<p>H\u00e4r kan du ladda ner klubbens stadgar som PDF-fil. Klicka p\u00e5 l\u00e4nken &#8221;HSFK Stadgar&#8221; N\u00e4r dokumentet har \u00f6ppnats kan du spara det p\u00e5 din dator genom att h\u00f6gerklicka i dokumentet och v\u00e4lja alternativet &#8221;Spara som&#8230;&#8221; V\u00e4lj en plats p\u00e5 din &hellip; <a href=\"http:\/\/www.hsfk.nu\/?page_id=779\">Forts\u00e4tt l\u00e4sa <span class=\"meta-nav\">&rarr;<\/span><\/a><\/p>\n","protected":false},"author":2,"featured_media":0,"parent":0,"menu_order":0,"comment_status":"closed","ping_status":"closed","template":"","meta":{"ngg_post_thumbnail":0,"footnotes":""},"class_list":["post-779","page","type-page","status-publish","hentry"],"_links":{"self":[{"href":"http:\/\/www.hsfk.nu\/index.php?rest_route=\/wp\/v2\/pages\/779","targetHints":{"allow":["GET"]}}],"collection":[{"href":"http:\/\/www.hsfk.nu\/index.php?rest_route=\/wp\/v2\/pages"}],"about":[{"href":"http:\/\/www.hsfk.nu\/index.php?rest_route=\/wp\/v2\/types\/page"}],"author":[{"embeddable":true,"href":"http:\/\/www.hsfk.nu\/index.php?rest_route=\/wp\/v2\/users\/2"}],"replies":[{"embeddable":true,"href":"http:\/\/www.hsfk.nu\/index.php?rest_route=%2Fwp%2Fv2%2Fcomments&post=779"}],"version-history":[{"count":6,"href":"http:\/\/www.hsfk.nu\/index.php?rest_route=\/wp\/v2\/pages\/779\/revisions"}],"predecessor-version":[{"id":1961,"href":"http:\/\/www.hsfk.nu\/index.php?rest_route=\/wp\/v2\/pages\/779\/revisions\/1961"}],"wp:attachment":[{"href":"http:\/\/www.hsfk.nu\/index.php?rest_route=%2Fwp%2Fv2%2Fmedia&parent=779"}],"curies":[{"name":"wp","href":"https:\/\/api.w.org\/{rel}","templated":true}]}}