{"id":751,"date":"2016-04-13T15:34:57","date_gmt":"2016-04-13T13:34:57","guid":{"rendered":"http:\/\/www.hsfk.nu\/?page_id=751"},"modified":"2026-05-05T10:51:05","modified_gmt":"2026-05-05T08:51:05","slug":"stugbokningar-augusti","status":"publish","type":"page","link":"http:\/\/www.hsfk.nu\/?page_id=751","title":{"rendered":"Stugbokningar augusti."},"content":{"rendered":"<p>&nbsp;<\/p>\n<p>S\u00f6ndag 2 Augusti Medlemsm\u00f6te\/Kr\u00e4ftfiskef\u00f6rberedelser<\/p>\n<p>Torsdag 6 Augusti Kr\u00e4ftfiske 1<br>Fredag 7 Augusti Kr\u00e4ftfiske 1<br>L\u00f6rdag 8 Augusti Kr\u00e4ftfiske 1<br>S\u00f6ndag 9 Augusti Kr\u00e4ftfiske 1<\/p>\n<p>Torsdag 13 Augusti Kr\u00e4ftfiske 2<br>Fredag 14 Augusti Kr\u00e4ftfiske 2<br>L\u00f6rdag 15 Augusti Kr\u00e4ftfiske 2<br>S\u00f6ndag 16 Augusti Kr\u00e4ftfiske 2<\/p>\n<p>Onsdag 19 Augusti Styrelsem\u00f6te<\/p>\n<p>Torsdag 20 Augusti Kr\u00e4ftfiske 3<br>Fredag&nbsp; 21 Augusti Kr\u00e4ftfiske 3<br>L\u00f6rdag 22 Augusti Kr\u00e4ftfiske 3<br>S\u00f6ndag 23 Augusti Kr\u00e4ftfiske 3<\/p>\n<p>Fredag 28 Augusti Medlemskr\u00e4ftfiske<br>L\u00f6rdag 29 Augusti Medlemskr\u00e4ftfiske<br>S\u00f6ndag 30 August Medlemskr\u00e4ftfiske<\/p>\n<p>&nbsp;<\/p>\n<p>&nbsp;<\/p>\n\n\n<p><\/p>\n","protected":false},"excerpt":{"rendered":"<p>&nbsp; S\u00f6ndag 2 Augusti Medlemsm\u00f6te\/Kr\u00e4ftfiskef\u00f6rberedelser Torsdag 6 Augusti Kr\u00e4ftfiske 1Fredag 7 Augusti Kr\u00e4ftfiske 1L\u00f6rdag 8 Augusti Kr\u00e4ftfiske 1S\u00f6ndag 9 Augusti Kr\u00e4ftfiske 1 Torsdag 13 Augusti Kr\u00e4ftfiske 2Fredag 14 Augusti Kr\u00e4ftfiske 2L\u00f6rdag 15 Augusti Kr\u00e4ftfiske 2S\u00f6ndag 16 Augusti Kr\u00e4ftfiske 2 Onsdag &hellip; <a href=\"http:\/\/www.hsfk.nu\/?page_id=751\">Forts\u00e4tt l\u00e4sa <span class=\"meta-nav\">&rarr;<\/span><\/a><\/p>\n","protected":false},"author":2,"featured_media":0,"parent":0,"menu_order":0,"comment_status":"closed","ping_status":"closed","template":"","meta":{"ngg_post_thumbnail":0,"footnotes":""},"class_list":["post-751","page","type-page","status-publish","hentry"],"_links":{"self":[{"href":"http:\/\/www.hsfk.nu\/index.php?rest_route=\/wp\/v2\/pages\/751","targetHints":{"allow":["GET"]}}],"collection":[{"href":"http:\/\/www.hsfk.nu\/index.php?rest_route=\/wp\/v2\/pages"}],"about":[{"href":"http:\/\/www.hsfk.nu\/index.php?rest_route=\/wp\/v2\/types\/page"}],"author":[{"embeddable":true,"href":"http:\/\/www.hsfk.nu\/index.php?rest_route=\/wp\/v2\/users\/2"}],"replies":[{"embeddable":true,"href":"http:\/\/www.hsfk.nu\/index.php?rest_route=%2Fwp%2Fv2%2Fcomments&post=751"}],"version-history":[{"count":44,"href":"http:\/\/www.hsfk.nu\/index.php?rest_route=\/wp\/v2\/pages\/751\/revisions"}],"predecessor-version":[{"id":2465,"href":"http:\/\/www.hsfk.nu\/index.php?rest_route=\/wp\/v2\/pages\/751\/revisions\/2465"}],"wp:attachment":[{"href":"http:\/\/www.hsfk.nu\/index.php?rest_route=%2Fwp%2Fv2%2Fmedia&parent=751"}],"curies":[{"name":"wp","href":"https:\/\/api.w.org\/{rel}","templated":true}]}}