{"id":747,"date":"2016-04-13T15:34:05","date_gmt":"2016-04-13T13:34:05","guid":{"rendered":"http:\/\/www.hsfk.nu\/?page_id=747"},"modified":"2026-05-05T10:42:12","modified_gmt":"2026-05-05T08:42:12","slug":"stugbokningar-juni","status":"publish","type":"page","link":"http:\/\/www.hsfk.nu\/?page_id=747","title":{"rendered":"Stugbokningar juni."},"content":{"rendered":"<p>&nbsp;<\/p>\n<p>M\u00e5ndag 1 juni: Bokat<br \/>\nTisdag 2 juni: Bokat<\/p>\n<p>Fredag 5 juni: Ungdomsdagar<br \/>\nL\u00f6rdag 6 juni: Ungdomsdagar<br \/>\nS\u00f6ndag 7 juni: Ungdomsdagar<\/p>\n<p>M\u00e5ndag 8 juni Bokat<br \/>\nTisdag 9 juni Bokat<br \/>\nOnsdaj 10 juni Bokat<br \/>\nTorsdag 11 Juni Bokat<br \/>\nFredag 12 Juni Bokay<br \/>\nL\u00f6rdag 13 Juni Bokat<br \/>\nS\u00f6ndag 14 Juni Bokat<\/p>\n<p>M\u00e5ndag 22 Juni Bokat<br \/>\nTisdag 23 Juni Bokat<br \/>\nOnsdag 24 Juni Bokat<br \/>\nTorsdag 25 Juni Bokat<br \/>\nFredag 26 Juni Bokat<br \/>\nL\u00f6rdag 27 Juni Bokat<br \/>\nS\u00f6ndag 28 Juni Bokat<\/p>\n<p>&nbsp;<\/p>\n<p>&nbsp;<\/p>\n<p>&nbsp;<\/p>\n<p>&nbsp;<\/p>\n<p>&nbsp;<\/p>\n","protected":false},"excerpt":{"rendered":"<p>&nbsp; M\u00e5ndag 1 juni: Bokat Tisdag 2 juni: Bokat Fredag 5 juni: Ungdomsdagar L\u00f6rdag 6 juni: Ungdomsdagar S\u00f6ndag 7 juni: Ungdomsdagar M\u00e5ndag 8 juni Bokat Tisdag 9 juni Bokat Onsdaj 10 juni Bokat Torsdag 11 Juni Bokat Fredag 12 Juni &hellip; <a href=\"http:\/\/www.hsfk.nu\/?page_id=747\">Forts\u00e4tt l\u00e4sa <span class=\"meta-nav\">&rarr;<\/span><\/a><\/p>\n","protected":false},"author":2,"featured_media":0,"parent":0,"menu_order":0,"comment_status":"closed","ping_status":"closed","template":"","meta":{"ngg_post_thumbnail":0,"footnotes":""},"class_list":["post-747","page","type-page","status-publish","hentry"],"_links":{"self":[{"href":"http:\/\/www.hsfk.nu\/index.php?rest_route=\/wp\/v2\/pages\/747","targetHints":{"allow":["GET"]}}],"collection":[{"href":"http:\/\/www.hsfk.nu\/index.php?rest_route=\/wp\/v2\/pages"}],"about":[{"href":"http:\/\/www.hsfk.nu\/index.php?rest_route=\/wp\/v2\/types\/page"}],"author":[{"embeddable":true,"href":"http:\/\/www.hsfk.nu\/index.php?rest_route=\/wp\/v2\/users\/2"}],"replies":[{"embeddable":true,"href":"http:\/\/www.hsfk.nu\/index.php?rest_route=%2Fwp%2Fv2%2Fcomments&post=747"}],"version-history":[{"count":49,"href":"http:\/\/www.hsfk.nu\/index.php?rest_route=\/wp\/v2\/pages\/747\/revisions"}],"predecessor-version":[{"id":2463,"href":"http:\/\/www.hsfk.nu\/index.php?rest_route=\/wp\/v2\/pages\/747\/revisions\/2463"}],"wp:attachment":[{"href":"http:\/\/www.hsfk.nu\/index.php?rest_route=%2Fwp%2Fv2%2Fmedia&parent=747"}],"curies":[{"name":"wp","href":"https:\/\/api.w.org\/{rel}","templated":true}]}}