{"id":744,"date":"2016-04-13T15:33:26","date_gmt":"2016-04-13T13:33:26","guid":{"rendered":"http:\/\/www.hsfk.nu\/?page_id=744"},"modified":"2026-04-20T11:42:21","modified_gmt":"2026-04-20T09:42:21","slug":"stugbokningar-maj","status":"publish","type":"page","link":"http:\/\/www.hsfk.nu\/?page_id=744","title":{"rendered":"Stugbokningar maj."},"content":{"rendered":"<p>&nbsp;<\/p>\n<p>Fredag 1 maj: Bokat<br \/>\nL\u00f6rdag 2 maj &#8211; Arbetsdag<br \/>\nS\u00f6ndag 3 maj: Arbetsdag<\/p>\n<p>M\u00e5ndag 8 maj: Bokat<br \/>\nTisdag 9 maj:Bokat<br \/>\nOnsdag 10 maj: Bokat<br \/>\nTorsdag 11 maj: Bokat<br \/>\nFredag 12 maj: Bokat<\/p>\n<p>L\u00f6rdag 13 maj: KM Artfiske<\/p>\n<p>Torsdag 14 maj: Bryggmetardag<\/p>\n<p>M\u00e5ndag 22 maj: Bokat<br \/>\nTisdag 23 maj: Bokat<br \/>\nOnsdag 24 maj: Bokat<br \/>\nTorsdag 25 maj: Bokat<br \/>\nFredag 26 maj: Bokat<br \/>\nL\u00f6rdag 27 maj: Bokat&nbsp;<\/p>\n<p>Onsdag 27 maj: Medlemsm\u00f6te\/kr\u00e4ftlottning<\/p>\n<p>Torsdag 28 maj: Bokat<br \/>\nFredag 29 maj: Bokat<br \/>\nL\u00f6rdag 30 maj: Bokat<br \/>\nS\u00f6ndag 31 maj; Bokat<\/p>\n<p>&nbsp;<\/p>\n","protected":false},"excerpt":{"rendered":"<p>&nbsp; Fredag 1 maj: Bokat L\u00f6rdag 2 maj &#8211; Arbetsdag S\u00f6ndag 3 maj: Arbetsdag M\u00e5ndag 8 maj: Bokat Tisdag 9 maj:Bokat Onsdag 10 maj: Bokat Torsdag 11 maj: Bokat Fredag 12 maj: Bokat L\u00f6rdag 13 maj: KM Artfiske Torsdag 14 &hellip; <a href=\"http:\/\/www.hsfk.nu\/?page_id=744\">Forts\u00e4tt l\u00e4sa <span class=\"meta-nav\">&rarr;<\/span><\/a><\/p>\n","protected":false},"author":2,"featured_media":0,"parent":0,"menu_order":0,"comment_status":"closed","ping_status":"closed","template":"","meta":{"ngg_post_thumbnail":0,"footnotes":""},"class_list":["post-744","page","type-page","status-publish","hentry"],"_links":{"self":[{"href":"http:\/\/www.hsfk.nu\/index.php?rest_route=\/wp\/v2\/pages\/744","targetHints":{"allow":["GET"]}}],"collection":[{"href":"http:\/\/www.hsfk.nu\/index.php?rest_route=\/wp\/v2\/pages"}],"about":[{"href":"http:\/\/www.hsfk.nu\/index.php?rest_route=\/wp\/v2\/types\/page"}],"author":[{"embeddable":true,"href":"http:\/\/www.hsfk.nu\/index.php?rest_route=\/wp\/v2\/users\/2"}],"replies":[{"embeddable":true,"href":"http:\/\/www.hsfk.nu\/index.php?rest_route=%2Fwp%2Fv2%2Fcomments&post=744"}],"version-history":[{"count":46,"href":"http:\/\/www.hsfk.nu\/index.php?rest_route=\/wp\/v2\/pages\/744\/revisions"}],"predecessor-version":[{"id":2442,"href":"http:\/\/www.hsfk.nu\/index.php?rest_route=\/wp\/v2\/pages\/744\/revisions\/2442"}],"wp:attachment":[{"href":"http:\/\/www.hsfk.nu\/index.php?rest_route=%2Fwp%2Fv2%2Fmedia&parent=744"}],"curies":[{"name":"wp","href":"https:\/\/api.w.org\/{rel}","templated":true}]}}