{"id":541,"date":"2015-06-02T20:32:23","date_gmt":"2015-06-02T18:32:23","guid":{"rendered":"http:\/\/www.hsfk.nu\/?page_id=541"},"modified":"2025-01-19T11:33:57","modified_gmt":"2025-01-19T10:33:57","slug":"att-bli-medlem","status":"publish","type":"page","link":"http:\/\/www.hsfk.nu\/?page_id=541","title":{"rendered":"Att bli medlem"},"content":{"rendered":"<p><span style=\"color: #0000ff;\"><strong>Hur blir jag medlem i klubben?<\/strong><\/span><\/p>\n<div>\u00d6ppna dokumentet f\u00f6r instruktioner om hur du blir medlem.<\/div>\n<div>&nbsp;<\/div>\n<div><a href=\"http:\/\/www.hsfk.nu\/wp-content\/uploads\/2025\/01\/MANUAL-FOR-MEDLEMSKAP-I-HALLSBERGS-SFK.pdf\">MANUAL F\u00d6R MEDLEMSKAP I HALLSBERGS SFK<\/a><\/div>\n","protected":false},"excerpt":{"rendered":"<p>Hur blir jag medlem i klubben? \u00d6ppna dokumentet f\u00f6r instruktioner om hur du blir medlem. &nbsp; MANUAL F\u00d6R MEDLEMSKAP I HALLSBERGS SFK<\/p>\n","protected":false},"author":2,"featured_media":0,"parent":0,"menu_order":0,"comment_status":"closed","ping_status":"open","template":"","meta":{"ngg_post_thumbnail":0,"footnotes":""},"class_list":["post-541","page","type-page","status-publish","hentry"],"_links":{"self":[{"href":"http:\/\/www.hsfk.nu\/index.php?rest_route=\/wp\/v2\/pages\/541","targetHints":{"allow":["GET"]}}],"collection":[{"href":"http:\/\/www.hsfk.nu\/index.php?rest_route=\/wp\/v2\/pages"}],"about":[{"href":"http:\/\/www.hsfk.nu\/index.php?rest_route=\/wp\/v2\/types\/page"}],"author":[{"embeddable":true,"href":"http:\/\/www.hsfk.nu\/index.php?rest_route=\/wp\/v2\/users\/2"}],"replies":[{"embeddable":true,"href":"http:\/\/www.hsfk.nu\/index.php?rest_route=%2Fwp%2Fv2%2Fcomments&post=541"}],"version-history":[{"count":11,"href":"http:\/\/www.hsfk.nu\/index.php?rest_route=\/wp\/v2\/pages\/541\/revisions"}],"predecessor-version":[{"id":2294,"href":"http:\/\/www.hsfk.nu\/index.php?rest_route=\/wp\/v2\/pages\/541\/revisions\/2294"}],"wp:attachment":[{"href":"http:\/\/www.hsfk.nu\/index.php?rest_route=%2Fwp%2Fv2%2Fmedia&parent=541"}],"curies":[{"name":"wp","href":"https:\/\/api.w.org\/{rel}","templated":true}]}}