{"id":38,"date":"2015-04-24T10:48:26","date_gmt":"2015-04-24T08:48:26","guid":{"rendered":"http:\/\/www.hsfk.nu\/?page_id=38"},"modified":"2026-04-20T11:55:22","modified_gmt":"2026-04-20T09:55:22","slug":"batplatser","status":"publish","type":"page","link":"http:\/\/www.hsfk.nu\/?page_id=38","title":{"rendered":"B\u00e5tplatser 2026"},"content":{"rendered":"<p><img loading=\"lazy\" decoding=\"async\" id=\"exifviewer-img-1\" class=\"alignright size-medium wp-image-104\" src=\"http:\/\/www.hsfk.nu\/wp-content\/uploads\/2015\/04\/HSFK-B\u00e5tar-300x200.jpg\" alt=\"HSFK B\u00e5tar\" width=\"300\" height=\"200\" srcset=\"http:\/\/www.hsfk.nu\/wp-content\/uploads\/2015\/04\/HSFK-B\u00e5tar-300x200.jpg 300w, http:\/\/www.hsfk.nu\/wp-content\/uploads\/2015\/04\/HSFK-B\u00e5tar-272x182.jpg 272w, http:\/\/www.hsfk.nu\/wp-content\/uploads\/2015\/04\/HSFK-B\u00e5tar.jpg 1000w\" sizes=\"auto, (max-width: 300px) 100vw, 300px\" \/><strong>B\u00c5TPLATS:<\/strong><br \/>\n<strong>DET KRAV P\u00c5 MEDLEMSKAP I KLUBBEN F\u00d6R ATT F\u00c5 HYRA B\u00c5TPLATS.<\/strong><\/p>\n<p><strong>Priser p\u00e5 b\u00e5tplatser 2026.<br \/>\n<\/strong>800 kronor inklusive familjemedlemskap.<br \/>\n750 kronor inklusive seniormedlemskap<\/p>\n<p><a href=\"http:\/\/www.hsfk.nu\/wp-content\/uploads\/2026\/03\/Batplatser-Regler-2026-1.pdf\">B\u00e5tplatser Regler 2026 (1)<\/a><\/p>\n<p>&nbsp;<\/p>\n<p>&nbsp;<\/p>\n<p>&nbsp;<\/p>\n","protected":false},"excerpt":{"rendered":"<p>B\u00c5TPLATS: DET KRAV P\u00c5 MEDLEMSKAP I KLUBBEN F\u00d6R ATT F\u00c5 HYRA B\u00c5TPLATS. Priser p\u00e5 b\u00e5tplatser 2026. 800 kronor inklusive familjemedlemskap. 750 kronor inklusive seniormedlemskap B\u00e5tplatser Regler 2026 (1) &nbsp; &nbsp; &nbsp;<\/p>\n","protected":false},"author":1,"featured_media":0,"parent":0,"menu_order":0,"comment_status":"closed","ping_status":"open","template":"","meta":{"ngg_post_thumbnail":0,"footnotes":""},"class_list":["post-38","page","type-page","status-publish","hentry"],"_links":{"self":[{"href":"http:\/\/www.hsfk.nu\/index.php?rest_route=\/wp\/v2\/pages\/38","targetHints":{"allow":["GET"]}}],"collection":[{"href":"http:\/\/www.hsfk.nu\/index.php?rest_route=\/wp\/v2\/pages"}],"about":[{"href":"http:\/\/www.hsfk.nu\/index.php?rest_route=\/wp\/v2\/types\/page"}],"author":[{"embeddable":true,"href":"http:\/\/www.hsfk.nu\/index.php?rest_route=\/wp\/v2\/users\/1"}],"replies":[{"embeddable":true,"href":"http:\/\/www.hsfk.nu\/index.php?rest_route=%2Fwp%2Fv2%2Fcomments&post=38"}],"version-history":[{"count":25,"href":"http:\/\/www.hsfk.nu\/index.php?rest_route=\/wp\/v2\/pages\/38\/revisions"}],"predecessor-version":[{"id":2450,"href":"http:\/\/www.hsfk.nu\/index.php?rest_route=\/wp\/v2\/pages\/38\/revisions\/2450"}],"wp:attachment":[{"href":"http:\/\/www.hsfk.nu\/index.php?rest_route=%2Fwp%2Fv2%2Fmedia&parent=38"}],"curies":[{"name":"wp","href":"https:\/\/api.w.org\/{rel}","templated":true}]}}