{"id":331,"date":"2015-05-01T19:07:03","date_gmt":"2015-05-01T17:07:03","guid":{"rendered":"http:\/\/www.hsfk.nu\/?page_id=331"},"modified":"2022-03-06T15:50:11","modified_gmt":"2022-03-06T14:50:11","slug":"fiskeregler","status":"publish","type":"page","link":"http:\/\/www.hsfk.nu\/?page_id=331","title":{"rendered":"Fiskeregler"},"content":{"rendered":"<p><span style=\"color: #0000ff;\"><strong>Regler g\u00e4llande f\u00f6r fisket p\u00e5 Tisaren.<\/strong><\/span><\/p>\n<p>Fiskekortet \u00e4r personligt och ber\u00e4ttigar till <strong>fiske f\u00f6r eget bruk<\/strong> med handredskap (krokfiske med sp\u00f6 fr\u00e5n hand eller fiske med drag fr\u00e5n b\u00e5t).<\/p>\n<p>Varje fiskekort ber\u00e4ttigar till fiske med <span style=\"color: #ff0000;\"><strong>h\u00f6gst ett sp\u00f6 eller drag per fiskekort<\/strong><\/span>.<\/p>\n<p>Fiskekort g\u00e4ller som ovan \u00e4ven f\u00f6r medf\u00f6ljande maka\/make\/sambo dock h\u00f6gst ett sp\u00f6 eller drag per fiskande.<\/p>\n<p><strong>Barn under 15 \u00e5r fiskar fritt med handredskap. Dock g\u00e4ller \u00f6vriga regler \u00e4ven f\u00f6r ungdomar.<\/strong><\/p>\n<p>Fiskekort och legitimation ska alltid medf\u00f6ras vid fiske och uppvisas p\u00e5 beg\u00e4ran av fisketillsynsman, fisker\u00e4tts\u00e4gare eller annan fiskande.<\/p>\n<p>Om fler sp\u00f6n per fiskande ska anv\u00e4ndas, ska extra fiskekort l\u00f6sas.<\/p>\n<p>Kortet medf\u00f6r inte r\u00e4tt till kr\u00e4ftfiske.<\/p>\n<div id=\"attachment_345\" style=\"width: 310px\" class=\"wp-caption alignright\"><a href=\"http:\/\/www.hsfk.nu\/wp-content\/uploads\/2015\/05\/g\u00f6s.jpg\"><img loading=\"lazy\" decoding=\"async\" aria-describedby=\"caption-attachment-345\" class=\"wp-image-345 size-medium\" src=\"http:\/\/www.hsfk.nu\/wp-content\/uploads\/2015\/05\/g\u00f6s-300x102.jpg\" alt=\"G\u00f6s (Sander lucioperca)\" width=\"300\" height=\"102\" srcset=\"http:\/\/www.hsfk.nu\/wp-content\/uploads\/2015\/05\/g\u00f6s-300x102.jpg 300w, http:\/\/www.hsfk.nu\/wp-content\/uploads\/2015\/05\/g\u00f6s.jpg 500w\" sizes=\"auto, (max-width: 300px) 100vw, 300px\" \/><\/a><p id=\"caption-attachment-345\" class=\"wp-caption-text\">G\u00f6s (Sander lucioperca)<\/p><\/div>\n<p><span style=\"color: #ff0000;\"><strong>Minim\u00e5tt f\u00f6r g\u00f6s \u00e4r 50 cm<\/strong><\/span>. H\u00f6gst<span style=\"color: #ff0000;\"><strong> tre g\u00f6sar per dygn<\/strong><\/span> och fiskekort f\u00e5r beh\u00e5llas. \u00d6vertalig eller f\u00f6r liten g\u00f6s skall alltid omedelbart \u00e5teruts\u00e4ttas.<\/p>\n<p>Obs Under tiden 1\/8 \u2013 15\/9 \u00e4r fiske inte till\u00e5tet nattetid (mellan kl 20.00 och 08.00)<\/p>\n","protected":false},"excerpt":{"rendered":"<p>Regler g\u00e4llande f\u00f6r fisket p\u00e5 Tisaren. Fiskekortet \u00e4r personligt och ber\u00e4ttigar till fiske f\u00f6r eget bruk med handredskap (krokfiske med sp\u00f6 fr\u00e5n hand eller fiske med drag fr\u00e5n b\u00e5t). Varje fiskekort ber\u00e4ttigar till fiske med h\u00f6gst ett sp\u00f6 eller drag &hellip; <a href=\"http:\/\/www.hsfk.nu\/?page_id=331\">Forts\u00e4tt l\u00e4sa <span class=\"meta-nav\">&rarr;<\/span><\/a><\/p>\n","protected":false},"author":2,"featured_media":0,"parent":0,"menu_order":0,"comment_status":"closed","ping_status":"open","template":"","meta":{"ngg_post_thumbnail":0,"footnotes":""},"class_list":["post-331","page","type-page","status-publish","hentry"],"_links":{"self":[{"href":"http:\/\/www.hsfk.nu\/index.php?rest_route=\/wp\/v2\/pages\/331","targetHints":{"allow":["GET"]}}],"collection":[{"href":"http:\/\/www.hsfk.nu\/index.php?rest_route=\/wp\/v2\/pages"}],"about":[{"href":"http:\/\/www.hsfk.nu\/index.php?rest_route=\/wp\/v2\/types\/page"}],"author":[{"embeddable":true,"href":"http:\/\/www.hsfk.nu\/index.php?rest_route=\/wp\/v2\/users\/2"}],"replies":[{"embeddable":true,"href":"http:\/\/www.hsfk.nu\/index.php?rest_route=%2Fwp%2Fv2%2Fcomments&post=331"}],"version-history":[{"count":7,"href":"http:\/\/www.hsfk.nu\/index.php?rest_route=\/wp\/v2\/pages\/331\/revisions"}],"predecessor-version":[{"id":1711,"href":"http:\/\/www.hsfk.nu\/index.php?rest_route=\/wp\/v2\/pages\/331\/revisions\/1711"}],"wp:attachment":[{"href":"http:\/\/www.hsfk.nu\/index.php?rest_route=%2Fwp%2Fv2%2Fmedia&parent=331"}],"curies":[{"name":"wp","href":"https:\/\/api.w.org\/{rel}","templated":true}]}}