{"id":23,"date":"2015-04-23T22:48:07","date_gmt":"2015-04-23T20:48:07","guid":{"rendered":"http:\/\/www.hsfk.nu\/?page_id=23"},"modified":"2015-04-29T22:00:54","modified_gmt":"2015-04-29T20:00:54","slug":"vertikalgosen-2015","status":"publish","type":"page","link":"http:\/\/www.hsfk.nu\/?page_id=23","title":{"rendered":"Vertikalg\u00f6sen 2015"},"content":{"rendered":"<div id=\"pl-23\"  class=\"panel-layout\" ><div id=\"pg-23-0\"  class=\"panel-grid panel-no-style\" ><div id=\"pgc-23-0-0\"  class=\"panel-grid-cell\" ><div id=\"panel-23-0-0-0\" class=\"so-panel widget widget_black-studio-tinymce widget_black_studio_tinymce panel-first-child panel-last-child\" data-index=\"0\" ><div class=\"textwidget\"><p><span style=\"color: #ff0000;\"><strong>Vertikalg\u00f6sen 2015 \u00e4r fulltecknad.<\/strong><\/span><\/p>\n<p>Du \u00e4r v\u00e4lkommen att bes\u00f6ka t\u00e4vlingen som g\u00e5r av stapeln\u00a0l\u00f6rdagen den 27 juni vid <a href=\"http:\/\/www.hsfk.nu\/wp-content\/uploads\/2015\/04\/Noren_G\u00f6s.jpg\"><img loading=\"lazy\" decoding=\"async\" class=\"alignright size-medium wp-image-109\" src=\"http:\/\/www.hsfk.nu\/wp-content\/uploads\/2015\/04\/Noren_G\u00f6s-300x225.jpg\" alt=\"Noren_G\u00f6s\" width=\"300\" height=\"225\" srcset=\"http:\/\/www.hsfk.nu\/wp-content\/uploads\/2015\/04\/Noren_G\u00f6s-300x225.jpg 300w, http:\/\/www.hsfk.nu\/wp-content\/uploads\/2015\/04\/Noren_G\u00f6s.jpg 640w\" sizes=\"auto, (max-width: 300px) 100vw, 300px\" \/><\/a>klubbstugan i Tisarstrand.<\/p>\n<p>T\u00e4vlingstid 09:00 - 15:00<\/p>\n<p>Jo d\u00e5, dom p\u00e5\u00a07 kilo finns d\u00e4r! Fr\u00e5ga Nor\u00e9n.<\/p>\n<p>\u00a0<\/p>\n<p>Mera info p\u00e5\u00a0<a href=\"http:\/\/tisaren.blogspot.se\/\" target=\"_blank\">http:\/\/tisaren.blogspot.se\/<\/a><\/p>\n<\/div><\/div><\/div><\/div><div id=\"pg-23-1\"  class=\"panel-grid panel-no-style\" ><div id=\"pgc-23-1-0\"  class=\"panel-grid-cell\" ><div id=\"panel-23-1-0-0\" class=\"so-panel widget widget_black-studio-tinymce widget_black_studio_tinymce panel-first-child panel-last-child\" data-index=\"1\" ><div class=\"panel-widget-style panel-widget-style-for-23-1-0-0\" ><div class=\"textwidget\"><p style=\"text-align: center;\">Startlista.<\/p>\n<\/div><\/div><\/div><\/div><\/div><div id=\"pg-23-2\"  class=\"panel-grid panel-no-style\" ><div id=\"pgc-23-2-0\"  class=\"panel-grid-cell\" ><div id=\"panel-23-2-0-0\" class=\"so-panel widget widget_black-studio-tinymce widget_black_studio_tinymce panel-first-child panel-last-child\" data-index=\"2\" ><div class=\"panel-widget-style panel-widget-style-for-23-2-0-0\" ><div class=\"textwidget\"><p>\u00a0 1. Starweld\/Borgs Motor<br \/>\u00a0 2. G\u00f6sta Snipers<br \/>\u00a0 3. Badbaljan<br \/>\u00a0 4. BigFish<br \/>\u00a0 5. Ferms<br \/>\u00a0 6. SeriG\u00f6s<br \/>\u00a0 7. Zanderboys<br \/>\u00a0 8. ClaChy<br \/>\u00a0 9. L\u00e4tt Bris<br \/>10. Dranziel<\/p>\n<\/div><\/div><\/div><\/div><div id=\"pgc-23-2-1\"  class=\"panel-grid-cell\" ><div id=\"panel-23-2-1-0\" class=\"so-panel widget widget_black-studio-tinymce widget_black_studio_tinymce panel-first-child panel-last-child\" data-index=\"3\" ><div class=\"panel-widget-style panel-widget-style-for-23-2-1-0\" ><div class=\"textwidget\"><p>11. Ztinger<br \/>12. F\u00fchr<br \/>13. T\u00f6rsk<br \/>14. Pike 2000\/H\/Foogde<br \/>15. Jaktia \u00d6rebro 1<br \/>16. Jaktia \u00d6rebro 2<br \/>17. Croatia<br \/>18. Appelgren<br \/>19. \u00c5sbro<br \/>20. Nivea<\/p>\n<\/div><\/div><\/div><\/div><div id=\"pgc-23-2-2\"  class=\"panel-grid-cell\" ><div id=\"panel-23-2-2-0\" class=\"so-panel widget widget_black-studio-tinymce widget_black_studio_tinymce panel-first-child panel-last-child\" data-index=\"4\" ><div class=\"panel-widget-style panel-widget-style-for-23-2-2-0\" ><div class=\"textwidget\"><p>21. GladhFritid<br \/>22. Nilsson<br \/>23. Oflyt<br \/>24. B\u00f6jdaSp\u00f6n\/Fiskebr\u00f6der<br \/>25. Luffartracker<br \/>26. OutdoorXtrem<br \/>27. Forserum<br \/>28. Fiskebr\u00f6der 2<br \/>29. Sp\u00f6<br \/>30. FKBJ<\/p>\n<\/div><\/div><\/div><\/div><\/div><\/div>","protected":false},"excerpt":{"rendered":"<p>Vertikalg\u00f6sen 2015 \u00e4r fulltecknad.Du \u00e4r v\u00e4lkommen att bes\u00f6ka t\u00e4vlingen som g\u00e5r av stapeln\u00a0l\u00f6rdagen den 27 juni vid klubbstugan i Tisarstrand.T\u00e4vlingstid 09:00 &#8211; 15:00Jo d\u00e5, dom p\u00e5\u00a07 kilo finns d\u00e4r! Fr\u00e5ga Nor\u00e9n.\u00a0Mera info p\u00e5\u00a0http:\/\/tisaren.blogspot.se\/ Startlista.<\/p>\n","protected":false},"author":1,"featured_media":0,"parent":0,"menu_order":0,"comment_status":"closed","ping_status":"open","template":"","meta":{"ngg_post_thumbnail":0,"footnotes":""},"class_list":["post-23","page","type-page","status-publish","hentry"],"_links":{"self":[{"href":"http:\/\/www.hsfk.nu\/index.php?rest_route=\/wp\/v2\/pages\/23","targetHints":{"allow":["GET"]}}],"collection":[{"href":"http:\/\/www.hsfk.nu\/index.php?rest_route=\/wp\/v2\/pages"}],"about":[{"href":"http:\/\/www.hsfk.nu\/index.php?rest_route=\/wp\/v2\/types\/page"}],"author":[{"embeddable":true,"href":"http:\/\/www.hsfk.nu\/index.php?rest_route=\/wp\/v2\/users\/1"}],"replies":[{"embeddable":true,"href":"http:\/\/www.hsfk.nu\/index.php?rest_route=%2Fwp%2Fv2%2Fcomments&post=23"}],"version-history":[{"count":9,"href":"http:\/\/www.hsfk.nu\/index.php?rest_route=\/wp\/v2\/pages\/23\/revisions"}],"predecessor-version":[{"id":145,"href":"http:\/\/www.hsfk.nu\/index.php?rest_route=\/wp\/v2\/pages\/23\/revisions\/145"}],"wp:attachment":[{"href":"http:\/\/www.hsfk.nu\/index.php?rest_route=%2Fwp%2Fv2%2Fmedia&parent=23"}],"curies":[{"name":"wp","href":"https:\/\/api.w.org\/{rel}","templated":true}]}}