{"id":124,"date":"2015-04-29T18:05:28","date_gmt":"2015-04-29T16:05:28","guid":{"rendered":"http:\/\/www.hsfk.nu\/?page_id=124"},"modified":"2025-03-24T16:57:24","modified_gmt":"2025-03-24T15:57:24","slug":"batuthyrning","status":"publish","type":"page","link":"http:\/\/www.hsfk.nu\/?page_id=124","title":{"rendered":"B\u00e5tuthyrning."},"content":{"rendered":"<h2 class=\"entry-title\"><a href=\"http:\/\/www.hsfk.nu\/?p=2010\" rel=\"bookmark\">Hyra b\u00e5t 2025<\/a><\/h2>\n<div class=\"entry-meta\"><span class=\"meta-prep meta-prep-author\">Postat den<\/span>&nbsp;<a title=\"17:49\" href=\"http:\/\/www.hsfk.nu\/?p=2010\" rel=\"bookmark\"><span class=\"entry-date\">5 maj, 2023<\/span><\/a>&nbsp;<span class=\"meta-sep\">av<\/span>&nbsp;<span class=\"author vcard\"><a class=\"url fn n\" title=\"Visa alla inl\u00e4gg av Stig Larsson\" href=\"http:\/\/www.hsfk.nu\/?author=2\">Stig Larsson<\/a><\/span><\/div>\n<div class=\"entry-content\">\n<h2>Nu kan du hyra b\u00e5t hos oss via n\u00e4tet.<br \/>\n=================================<\/h2>\n<p>Om du anv\u00e4nder en PC g\u00e4ller detta:<\/p>\n<h5>G\u00e5 in p\u00e5 iFISKE.<br \/>\nSkriv in Hallsbergs Sportfiskeklubb i f\u00e4ltet: S\u00f6k efter vatten och klicka p\u00e5 s\u00f6k.<br \/>\nD\u00e5 kommer du till Hallsbergs Sportfiskeklubbs iFISKESIDA.<br \/>\nKlicka p\u00e5 fliken: B\u00e5tbokning (h\u00f6gt upp).<br \/>\nV\u00e4lj b\u00e5t och klicka p\u00e5: K\u00f6p online.<br \/>\nD\u00e4refter kan du v\u00e4lja dag n\u00e4r du vill hyra.<\/h5>\n<p>==============================================<br \/>\nOm du anv\u00e4nder mobiltelefon g\u00e4ller detta:<\/p>\n<h5>G\u00e5 in p\u00e5 iFISKE.<br \/>\nSkriv in Hallsbergs Sportfiskeklubb i f\u00e4ltet: S\u00f6k efter vatten och klicka p\u00e5 s\u00f6k.<br \/>\nD\u00e5 kommer du till Hallsbergs Sportfiskeklubbs iFISKESIDA.<br \/>\nV\u00e4lj \u201dProdukter\u201d l\u00e4ngst ner p\u00e5 sidan.<br \/>\nL\u00e4s reglerna och klicka sedan p\u00e5 \u201dK\u00d6P\u201d<br \/>\nF\u00f6lj sedan instruktionerna f\u00f6r att v\u00e4ja datum mm.<\/h5>\n<h5>Vi har numera kombinationsl\u00e5s p\u00e5 b\u00e5tarna, olika kod p\u00e5 varje b\u00e5t.<br \/>\nDu f\u00e5r koden till din b\u00e5t strax f\u00f6re hyrestiden startar via mail eller sms.<\/h5>\n<h2>Fiskekort ing\u00e5r inte vid b\u00e5tbokning utan m\u00e5ste k\u00f6pas separat via iFISKE<\/h2>\n<\/div>\n<p><strong>&nbsp;<\/strong><\/p>\n<p>&nbsp;<\/p>\n<p><strong>&nbsp;<\/strong><\/p>\n<p>&nbsp;<\/p>\n<p>&nbsp;<\/p>\n<p>&nbsp;<\/p>\n<p>&nbsp;<\/p>\n<p>&nbsp;<\/p>\n","protected":false},"excerpt":{"rendered":"<p>Hyra b\u00e5t 2025 Postat den&nbsp;5 maj, 2023&nbsp;av&nbsp;Stig Larsson Nu kan du hyra b\u00e5t hos oss via n\u00e4tet. ================================= Om du anv\u00e4nder en PC g\u00e4ller detta: G\u00e5 in p\u00e5 iFISKE. Skriv in Hallsbergs Sportfiskeklubb i f\u00e4ltet: S\u00f6k efter vatten och klicka &hellip; <a href=\"http:\/\/www.hsfk.nu\/?page_id=124\">Forts\u00e4tt l\u00e4sa <span class=\"meta-nav\">&rarr;<\/span><\/a><\/p>\n","protected":false},"author":2,"featured_media":0,"parent":0,"menu_order":0,"comment_status":"closed","ping_status":"open","template":"","meta":{"ngg_post_thumbnail":0,"footnotes":""},"class_list":["post-124","page","type-page","status-publish","hentry"],"_links":{"self":[{"href":"http:\/\/www.hsfk.nu\/index.php?rest_route=\/wp\/v2\/pages\/124","targetHints":{"allow":["GET"]}}],"collection":[{"href":"http:\/\/www.hsfk.nu\/index.php?rest_route=\/wp\/v2\/pages"}],"about":[{"href":"http:\/\/www.hsfk.nu\/index.php?rest_route=\/wp\/v2\/types\/page"}],"author":[{"embeddable":true,"href":"http:\/\/www.hsfk.nu\/index.php?rest_route=\/wp\/v2\/users\/2"}],"replies":[{"embeddable":true,"href":"http:\/\/www.hsfk.nu\/index.php?rest_route=%2Fwp%2Fv2%2Fcomments&post=124"}],"version-history":[{"count":31,"href":"http:\/\/www.hsfk.nu\/index.php?rest_route=\/wp\/v2\/pages\/124\/revisions"}],"predecessor-version":[{"id":2316,"href":"http:\/\/www.hsfk.nu\/index.php?rest_route=\/wp\/v2\/pages\/124\/revisions\/2316"}],"wp:attachment":[{"href":"http:\/\/www.hsfk.nu\/index.php?rest_route=%2Fwp%2Fv2%2Fmedia&parent=124"}],"curies":[{"name":"wp","href":"https:\/\/api.w.org\/{rel}","templated":true}]}}